{"id":20,"date":"2012-10-13T19:39:03","date_gmt":"2012-10-13T19:39:03","guid":{"rendered":"http:\/\/neu.gabelbach.eu\/?page_id=20"},"modified":"2016-05-15T16:46:15","modified_gmt":"2016-05-15T16:46:15","slug":"lage","status":"publish","type":"page","link":"http:\/\/neu.gabelbach.eu\/?page_id=20","title":{"rendered":"Lage"},"content":{"rendered":"<p>Die Pfarrgemeinde Gabelbach befindet sich 28 km westlich von Augsburg und geh\u00f6rt zur Marktgemeinde Zusmarshausen (<a href=\"http:\/\/www.zusmarshausen.de\">http:\/\/www.zusmarshausen.de<\/a>) im Regierungsbezirk Schwaben des Bundeslandes Bayern.<\/p>\n<p>Geografische Lage (Eingang Kirche St. Martin): N 48\u00b0 22&#8242; 50 &#8221; , E 10\u00b0 34&#8242; 09&#8243;<\/p>\n<p>Durch das Tal verl\u00e4uft das kleine, langsam fliessende Fl\u00fc\u00dflein &lt;Zusam&gt;, dass in Markt Wald entspringt und bei Donauw\u00f6rth in die Donau m\u00fcndet.<\/p>\n<p>Lange Wanderwege und ein Weiher laden zum Entspannen ein.<\/p>\n<p>Entstanden ist Gabelbach vermutlich im 8. \/9. Jahrhundert.<\/p>\n","protected":false},"excerpt":{"rendered":"<p>Die Pfarrgemeinde Gabelbach befindet sich 28 km westlich von Augsburg und geh\u00f6rt zur Marktgemeinde Zusmarshausen (http:\/\/www.zusmarshausen.de) im Regierungsbezirk Schwaben des Bundeslandes Bayern. Geografische Lage (Eingang Kirche St. Martin): N 48\u00b0 22&#8242; 50 &#8221; , E 10\u00b0 34&#8242; 09&#8243; Durch das Tal verl\u00e4uft das kleine, langsam fliessende Fl\u00fc\u00dflein &lt;Zusam&gt;, dass in Markt Wald entspringt und bei&#8230; <\/p>\n<div class=\"link-more\"><a href=\"http:\/\/neu.gabelbach.eu\/?page_id=20\">Weiterlesen<\/a><\/div>\n","protected":false},"author":1,"featured_media":0,"parent":0,"menu_order":3,"comment_status":"open","ping_status":"open","template":"","meta":{"ngg_post_thumbnail":0},"_links":{"self":[{"href":"http:\/\/neu.gabelbach.eu\/index.php?rest_route=\/wp\/v2\/pages\/20"}],"collection":[{"href":"http:\/\/neu.gabelbach.eu\/index.php?rest_route=\/wp\/v2\/pages"}],"about":[{"href":"http:\/\/neu.gabelbach.eu\/index.php?rest_route=\/wp\/v2\/types\/page"}],"author":[{"embeddable":true,"href":"http:\/\/neu.gabelbach.eu\/index.php?rest_route=\/wp\/v2\/users\/1"}],"replies":[{"embeddable":true,"href":"http:\/\/neu.gabelbach.eu\/index.php?rest_route=%2Fwp%2Fv2%2Fcomments&post=20"}],"version-history":[{"count":3,"href":"http:\/\/neu.gabelbach.eu\/index.php?rest_route=\/wp\/v2\/pages\/20\/revisions"}],"predecessor-version":[{"id":216,"href":"http:\/\/neu.gabelbach.eu\/index.php?rest_route=\/wp\/v2\/pages\/20\/revisions\/216"}],"wp:attachment":[{"href":"http:\/\/neu.gabelbach.eu\/index.php?rest_route=%2Fwp%2Fv2%2Fmedia&parent=20"}],"curies":[{"name":"wp","href":"https:\/\/api.w.org\/{rel}","templated":true}]}}