{"id":251,"date":"2018-09-09T12:16:35","date_gmt":"2018-09-09T12:16:35","guid":{"rendered":"http:\/\/neu.gabelbach.eu\/?page_id=251"},"modified":"2018-09-09T12:16:37","modified_gmt":"2018-09-09T12:16:37","slug":"datenschutz","status":"publish","type":"page","link":"http:\/\/neu.gabelbach.eu\/?page_id=251","title":{"rendered":"Datenschutz"},"content":{"rendered":"\n<p>Datenschutzerkl\u00e4rung<\/p>\n\n\n\n<p>Am 25.05.2018 wurde die EU-Datenschutzgrundverordnung, kurz \u201eEU-DSGVO\u201c in Kraft gesetzt. Die EU-DSGVO hat das Ziel, das Datenschutzniveau innerhalb der gesamten EU auf einen einheitlich hohen Standard zu setzen. Dies war Anlass f\u00fcr mich die folgenden Datenschutzhinweise zu formulieren, die Sie umfassend \u00fcber den Umgang mit Ihren Daten aufkl\u00e4ren. <\/p>\n\n\n\n<ol><li>Name und Kontaktdaten des f\u00fcr die Verarbeitung Verantwortlichen<\/li><\/ol>\n\n\n\n<p>Thomas Hillebrand<br\/>\nAn der Breiten 13<br\/>\n86441 Zusmarshausen<br\/>\nTelefon: +49 (0) 8291 6279310<br\/>\nThomas(at)Thomas-Hillebrand.de<\/p>\n\n\n\n<ol><li>Erhebung und Speicherung personenbezogener Daten sowie Zweck und Art von deren Verwendung<br\/>\nIch erhebe, verarbeite und nutze Ihre personenbezogenen Daten f\u00fcr die Erf\u00fcllung Ihres freiwillig <br\/>\nerteilten Auftrags an mich sowie zu Kommunikations- und Abrechnungszwecken. <\/li><\/ol>\n\n\n\n<p>a) Arten der verarbeiteten Daten direkt durch mich:<br\/>\n    &#8211; Bestandsdaten (z.B. Name, Adresse)<br\/>\n    &#8211; Kontaktdaten (z.B. Email, Telefonnummer)<br\/>\n    &#8211; Inhaltsdaten (z.B. Texteingaben, Fotografien, Videos)<\/p>\n\n\n\n<p>b) Im Rahmen Ihres Besuchs auf den Webseiten https:\/\/www.thomas-Hillebrand.de und den dazugeh\u00f6rigen Subdomainen,  http:\/\/www.Tobias-Hillebrand.de , http:\/\/www.Paula-Hillebrand.de , http:\/\/www.Jakob-Hillebrand.de , http:\/\/www.Gabelbach.eu indirekt durch meinen Hosting-Anbieter domainfactory  GmbH, Oskar-Messter-Str.33, 85737 Isamning \u2013 im folgenden df.eu genannt &#8211;<br\/>\n    &#8211; Nutzungsdaten (z.B. besuchte Webseiten, Interesse an Inhalten, Zugriffszeiten)<br\/>\n    &#8211; Meta-\/Kommunikationsdaten (z.B. Ger\u00e4te-Information, IP-Adressen)<br\/>\n      N\u00e4here Informationen finden hierzu unter 5.<\/p>\n\n\n\n<ol><li>Weitergabe von Daten<br\/>\nEine Weitergabe Ihre pers\u00f6nlichen Daten findet nur im Rahmen der Auftragserf\u00fcllung, des von Ihnen erteilten Auftrags an Dritte weiter, wenn:<br\/>\n\u2022 Sie Ihre nach Art. 6 Abs. 1 S. 1 lit. a DSGVO ausdr\u00fcckliche Einwilligung dazu erteilt haben,<br\/>\n\u2022 die Weitergabe nach Art. 6 Abs. 1 S. 1 lit. f DSGVO zur Geltendmachung, Aus\u00fcbung oder Verteidigung <br\/>\nvon Rechtsanspr\u00fcchen erforderlich ist und kein Grund zur Annahme besteht, dass Sie ein \u00fcberwiegendes <br\/>\nschutzw\u00fcrdiges Interesse an der Nichtweitergabe Ihrer Daten haben,<br\/>\n\u2022 f\u00fcr den Fall, dass f\u00fcr die Weitergabe nach Art. 6 Abs. 1 S. 1 lit. c DSGVO eine gesetzliche Verpflichtung besteht, sowie<br\/>\n\u2022 dies gesetzlich zul\u00e4ssig und nach Art. 6 Abs. 1 S. 1 lit. b DSGVO f\u00fcr die Abwicklung von Vertragsverh\u00e4ltnissen mit Ihnen erforderlich ist<\/li><li>L\u00f6schung der Daten<br\/>\nSofern nicht im Rahmen dieser Datenschutzerkl\u00e4rung ausdr\u00fccklich angegeben, werden die gespeicherten Daten gel\u00f6scht, sobald sie f\u00fcr ihre Zweckbestimmung nicht mehr erforderlich sind und der L\u00f6schung keine gesetzlichen Aufbewahrungspflichten entgegenstehen. (Art. 17 und 18 DSGVO). Sofern Daten nicht gel\u00f6scht werden, weil sie f\u00fcr andere und gesetzlich zul\u00e4ssige Zwecke erforderlich sind, wird deren Verarbeitung eingeschr\u00e4nkt. D.h. die Daten werden gesperrt und nicht f\u00fcr andere Zwecke verarbeitet. Das gilt z.B. f\u00fcr Daten, die aus handels- oder steuerrechtlichen Gr\u00fcnden aufbewahrt werden m\u00fcssen.<\/li><\/ol>\n\n\n\n<p>Nach gesetzlichen Vorgaben in Deutschland erfolgt die Aufbewahrung insbesondere f\u00fcr 6 Jahre gem\u00e4\u00df \u00a7 257 Abs. 1 HGB (Handelsb\u00fccher, Inventare, Er\u00f6ffnungsbilanzen, Jahresabschl\u00fcsse, Handelsbriefe, Buchungsbelege, etc.) sowie f\u00fcr 10 Jahre gem\u00e4\u00df \u00a7 147 Abs. 1 AO (B\u00fccher, Aufzeichnungen, Lageberichte, Buchungsbelege, Handels- und Gesch\u00e4ftsbriefe, F\u00fcr Besteuerung relevante Unterlagen, etc.).<\/p>\n\n\n\n<p>Alle zwei Jahre \u00fcberpr\u00fcfe ich, ob alle Daten ordnungsgem\u00e4\u00df gesperrt oder gel\u00f6scht wurden.<\/p>\n\n\n\n<ol><li>Ihr Besuch auf meinen Webseiten<\/li><\/ol>\n\n\n\n<p>Die von mir in Anspruch genommenen Hosting-Leistungen bei df.eu dienen der Zurverf\u00fcgungstellung der folgenden Leistungen: Infrastruktur- und Plattformdienstleistungen, Rechenkapazit\u00e4t, Speicherplatz und Datenbankdienste, Sicherheitsleistungen sowie technische Wartungsleistungen, die zum Zwecke des Betriebs der Webseiten eingesetzt werden. Hierbei werden durch den Hostinganbieter df.eu Bestandsdaten, Kontaktdaten, Inhaltsdaten, Vertragsdaten, Nutzungsdaten, Meta- und Kommunikationsdaten von Kunden, Interessenten und Besuchern verarbeitet, die dieses Onlineangebotes auf Grundlage unserer berechtigten Interessen an einer effizienten und sicheren Zurverf\u00fcgungstellung dieses Onlineangebotes gem. Art. 6 Abs. 1 lit. f DSGVO i.V.m. Art. 28 DSGVO (Abschluss Auftragsverarbeitungsvertrag) nutzen.<\/p>\n\n\n\n<p>Der Hostinganbieter df.eu erhebt auf Grundlage unserer berechtigten Interessen im Sinne des Art. 6 Abs. 1 lit. f. DSGVO Daten \u00fcber jeden Zugriff auf den Server, auf dem sich dieser Dienst befindet (sogenannte Serverlogfiles). Zu den Zugriffsdaten geh\u00f6ren Name der abgerufenen Webseite, Datei, Datum und Uhrzeit des Abrufs, \u00fcbertragene Datenmenge, Meldung \u00fcber erfolgreichen Abruf, Browsertyp nebst Version, das Betriebssystem des Nutzers, Referrer URL (die zuvor besuchte Seite), IP-Adresse und der anfragende Provider.<\/p>\n\n\n\n<p>Logfile-Informationen werden aus Sicherheitsgr\u00fcnden (z.B. zur Aufkl\u00e4rung von Missbrauchs- oder Betrugshandlungen) f\u00fcr die Dauer von maximal 7 Tagen gespeichert und danach gel\u00f6scht. Daten, deren weitere Aufbewahrung zu Beweiszwecken erforderlich ist, sind bis zur endg\u00fcltigen Kl\u00e4rung des jeweiligen Vorfalls von der L\u00f6schung ausgenommen.<\/p>\n\n\n\n<p>In diesem Zusammenhang werden Cookies eingesetzt.<\/p>\n\n\n\n<p>Als \u201eCookies\u201c werden kleine Dateien bezeichnet, die Ihr Browser automatisch erstellt und die auf Ihrem Endger\u00e4t (Laptop, Tablet, Smartphone o.\u00e4.) gespeichert werden, wenn Sie Webseiten besuchen. Cookies richten auf Ihrem Endger\u00e4t keinen Schaden an, enthalten keine Viren, Trojaner oder sonstige Schadsoftware.<\/p>\n\n\n\n<p>In dem Cookie werden Informationen abgelegt, die sich jeweils im Zusammenhang mit dem spezifisch eingesetzten Endger\u00e4t ergeben. Dies bedeutet jedoch nicht, dass ich dadurch unmittelbar Kenntnis von Ihrer Identit\u00e4t erhalte.<\/p>\n\n\n\n<p>Der Einsatz von Cookies dient einerseits dazu, die Nutzung meines Angebots f\u00fcr Sie angenehmer zu gestalten. So werden sogenannte Session-Cookies eingesetzt, um zu erkennen, dass Sie einzelne Seiten unserer Website bereits besucht haben. Diese werden nach Verlassen unserer Seite automatisch gel\u00f6scht.<\/p>\n\n\n\n<p>Dar\u00fcber hinaus werden ebenfalls zur Optimierung der Benutzerfreundlichkeit tempor\u00e4re Cookies eingesetzt, die f\u00fcr einen bestimmten festgelegten Zeitraum auf Ihrem Endger\u00e4t gespeichert werden. Besuchen Sie die Seite erneut, um Dienste in Anspruch zu nehmen, wird automatisch erkannt, dass Sie bereits dort waren.<\/p>\n\n\n\n<p>Zum anderen werden Cookies eingesetzt, um die Nutzung der Webseiten statistisch zu erfassen und zum Zwecke der Optimierung des Angebotes f\u00fcr Sie auszuwerten Diese Cookies erm\u00f6glichen es, bei einem erneuten Besuch unserer Seite automatisch zu erkennen, dass Sie bereits dort waren. Diese Cookies werden nach einer jeweils definierten Zeit automatisch gel\u00f6scht.<\/p>\n\n\n\n<p>Die durch Cookies verarbeiteten Daten sind f\u00fcr die genannten Zwecke zur Wahrung unserer berechtigten Interessen sowie der Dritter nach Art. 6 Abs. 1 S. 1 lit. f DSGVO erforderlich.<\/p>\n\n\n\n<p>Die meisten Browser akzeptieren Cookies automatisch. Falls Sie, als Nutzer nicht m\u00f6chten, dass Cookies auf ihrem Rechner gespeichert werden, werden sie gebeten die entsprechende Option in den Systemeinstellungen Ihres Browsers zu deaktivieren. Gespeicherte Cookies k\u00f6nnen in den Systemeinstellungen des Browsers gel\u00f6scht werden. Der Ausschluss von Cookies kann zu Funktionseinschr\u00e4nkungen dieses Onlineangebotes f\u00fchren.<\/p>\n\n\n\n<p>Ein genereller Widerspruch gegen den Einsatz der zu Zwecken des Onlinemarketing eingesetzten Cookies kann bei einer Vielzahl der Dienste, vor allem im Fall des Trackings, \u00fcber die US-amerikanische Seite http:\/\/www.aboutads.info\/choices\/ oder die EU-Seite http:\/\/www.youronlinechoices.com\/ erkl\u00e4rt werden. Des Weiteren kann die Speicherung von Cookies mittels deren Abschaltung in den Einstellungen des Browsers erreicht werden. Bitte beachten Sie, dass dann gegebenenfalls nicht alle Funktionen dieses Onlineangebotes genutzt werden k\u00f6nnen.<\/p>\n\n\n\n<p>F\u00fcr die EU-Cookie-Richtlinie ist der Unterschied zwischen Profiling-Cookie (Zustimmung n\u00f6tig) und dem technischen Cookie (keine Zustimmung n\u00f6tig) wichtig:<\/p>\n\n\n\n<p>Profiling-Cookie: Diese Art von Cookie wird eingesetzt, um die Nutzung einer Website zu analysieren, statistische Informationen zur Nutzung zu sammeln und den Besuch der Website zu individualisieren. Dazu geh\u00f6rt z.B. auch, bestimmte Angebote auf der Grundlage der Nutzung zu empfehlen. Hier ist eine Zustimmung von Seiten des Besuchers notwendig. Innerhalb dieser Webseite werden diese Cookies nicht verwendet.<br\/>\nTechnischer Cookie: Diese Art von Cookie wird eingesetzt, um den reibungslosen Betrieb der Website zu garantieren, z.B. um Waren in Einkaufsk\u00f6rben zu sammeln und bereitzustellen. Hier ist keine Zustimmung von Seiten des Besuchers notwendig.<\/p>\n\n\n\n<ol><li>Rechte der betroffenen Personen<br\/>\nSie haben das Recht: <br\/>\ngem\u00e4\u00df Art. 15 DSGVO Auskunft \u00fcber Ihre von uns verarbeiteten personenbezogenen Daten zu verlangen. Insbesondere k\u00f6nnen Sie Auskunft \u00fcber die Verarbeitungszwecke, die Kategorie der personenbezogenen Daten, die Kategorien von Empf\u00e4ngern, gegen\u00fcber denen Ihre Daten offengelegt wurden oder werden, die geplante Speicherdauer, das Bestehen eines Rechts auf Berichtigung, L\u00f6schung, Einschr\u00e4nkung der Verarbeitung oder Widerspruch, das Bestehen eines Beschwerderechts, die Herkunft ihrer Daten, sofern diese nicht bei uns erhoben wurden, sowie \u00fcber das Bestehen einer automatisierten Entscheidungsfindung einschlie\u00dflich Profiling und ggf. aussagekr\u00e4ftigen Informationen zu deren Einzelheiten verlangen;<\/li><\/ol>\n\n\n\n<p>gem\u00e4\u00df Art. 16 DSGVO unverz\u00fcglich die Berichtigung unrichtiger oder Vervollst\u00e4ndigung Ihrer bei uns gespeicherten personenbezogenen Daten zu verlangen;<\/p>\n\n\n\n<p>gem\u00e4\u00df Art. 17 DSGVO die L\u00f6schung Ihrer bei uns gespeicherten personenbezogenen Daten zu verlangen, soweit nicht die Verarbeitung zur Aus\u00fcbung des Rechts auf freie Meinungs\u00e4u\u00dferung und Information, zur Erf\u00fcllung einer rechtlichen Verpflichtung, aus Gr\u00fcnden des \u00f6ffentlichen Interesses oder zur Geltendmachung, Aus\u00fcbung oder Verteidigung von Rechtsanspr\u00fcchen erforderlich ist;<\/p>\n\n\n\n<p>gem\u00e4\u00df Art. 18 DSGVO die Einschr\u00e4nkung der Verarbeitung Ihrer personenbezogenen Daten zu verlangen, soweit die Richtigkeit der Daten von Ihnen bestritten wird, die Verarbeitung unrechtm\u00e4\u00dfig ist, Sie aber deren L\u00f6schung ablehnen und wir die Daten nicht mehr ben\u00f6tigen, Sie jedoch diese zur Geltendmachung, Aus\u00fcbung oder Verteidigung von Rechtsanspr\u00fcchen ben\u00f6tigen oder Sie gem\u00e4\u00df Art. 21 DSGVO Widerspruch gegen die Verarbeitung eingelegt haben;<\/p>\n\n\n\n<p>gem\u00e4\u00df Art. 20 DSGVO Ihre personenbezogenen Daten, die Sie uns bereitgestellt haben, in einem strukturierten, g\u00e4ngigen und maschinenlesebaren Format zu erhalten oder die \u00dcbermittlung an einen anderen Verantwortlichen zu verlangen;<\/p>\n\n\n\n<p>gem\u00e4\u00df Art. 7 Abs. 3 DSGVO Ihre einmal erteilte Einwilligung jederzeit gegen\u00fcber uns zu widerrufen. Dies hat zur Folge, dass wir die Datenverarbeitung, die auf dieser Einwilligung beruhte, f\u00fcr die Zukunft nicht mehr fortf\u00fchren d\u00fcrfen und<\/p>\n\n\n\n<p>gem\u00e4\u00df Art. 77 DSGVO sich bei einer Aufsichtsbeh\u00f6rde zu beschweren. In der Regel k\u00f6nnen Sie sich hierf\u00fcr an die Aufsichtsbeh\u00f6rde Ihres \u00fcblichen Aufenthaltsortes oder Arbeitsplatzes oder unseres Sitzes wenden.<\/p>\n\n\n\n<ol><li>Widerspruchsrecht<br\/>\nSie k\u00f6nnen der k\u00fcnftigen Verarbeitung der Sie betreffenden Daten nach Ma\u00dfgabe des Art. 21 DSGVO jederzeit widersprechen. Der Widerspruch kann insbesondere gegen die Verarbeitung f\u00fcr Zwecke der Direktwerbung erfolgen.<\/li><\/ol>\n\n\n\n<p>Stand: 24.05.2018<\/p>\n","protected":false},"excerpt":{"rendered":"<p>Datenschutzerkl\u00e4rung Am 25.05.2018 wurde die EU-Datenschutzgrundverordnung, kurz \u201eEU-DSGVO\u201c in Kraft gesetzt. Die EU-DSGVO hat das Ziel, das Datenschutzniveau innerhalb der gesamten EU auf einen einheitlich hohen Standard zu setzen. Dies war Anlass f\u00fcr mich die folgenden Datenschutzhinweise zu formulieren, die Sie umfassend \u00fcber den Umgang mit Ihren Daten aufkl\u00e4ren. Name und Kontaktdaten des f\u00fcr die&#8230; <\/p>\n<div class=\"link-more\"><a href=\"http:\/\/neu.gabelbach.eu\/?page_id=251\">Weiterlesen<\/a><\/div>\n","protected":false},"author":1,"featured_media":0,"parent":0,"menu_order":0,"comment_status":"closed","ping_status":"closed","template":"","meta":{"ngg_post_thumbnail":0},"_links":{"self":[{"href":"http:\/\/neu.gabelbach.eu\/index.php?rest_route=\/wp\/v2\/pages\/251"}],"collection":[{"href":"http:\/\/neu.gabelbach.eu\/index.php?rest_route=\/wp\/v2\/pages"}],"about":[{"href":"http:\/\/neu.gabelbach.eu\/index.php?rest_route=\/wp\/v2\/types\/page"}],"author":[{"embeddable":true,"href":"http:\/\/neu.gabelbach.eu\/index.php?rest_route=\/wp\/v2\/users\/1"}],"replies":[{"embeddable":true,"href":"http:\/\/neu.gabelbach.eu\/index.php?rest_route=%2Fwp%2Fv2%2Fcomments&post=251"}],"version-history":[{"count":1,"href":"http:\/\/neu.gabelbach.eu\/index.php?rest_route=\/wp\/v2\/pages\/251\/revisions"}],"predecessor-version":[{"id":252,"href":"http:\/\/neu.gabelbach.eu\/index.php?rest_route=\/wp\/v2\/pages\/251\/revisions\/252"}],"wp:attachment":[{"href":"http:\/\/neu.gabelbach.eu\/index.php?rest_route=%2Fwp%2Fv2%2Fmedia&parent=251"}],"curies":[{"name":"wp","href":"https:\/\/api.w.org\/{rel}","templated":true}]}}